{"id":1191,"date":"2025-04-22T09:26:16","date_gmt":"2025-04-22T07:26:16","guid":{"rendered":"https:\/\/herrljungamusteri.com\/tonic-competition\/"},"modified":"2025-04-22T09:29:37","modified_gmt":"2025-04-22T07:29:37","slug":"tonic-competition","status":"publish","type":"page","link":"https:\/\/herrljungamusteri.com\/en\/tonic-competition\/","title":{"rendered":"Tonic competition"},"content":{"rendered":"\n\n  <div class=\"banner has-hover\" id=\"banner-345186020\">\n          <div class=\"banner-inner fill\">\n        <div class=\"banner-bg fill\" >\n                                                \n                    <\/div>\n\t\t\n        <div class=\"banner-layers container\">\n            <div class=\"fill banner-link\"><\/div>            \n\n   <div id=\"text-box-932135410\" class=\"text-box banner-layer x50 md-x50 lg-x50 y90 md-y90 lg-y90 res-text\">\n                                <div class=\"text-box-content text dark\">\n              \n              <div class=\"text-inner text-left\">\n                  \n\n\t<div id=\"text-454744151\" class=\"text\">\n\t\t\n\n<h2>T\u00e4vling Tonic<\/h2>\n<p>V\u00e4lj din destination p\u00e5 n\u00e5gon utav Countryside hotels vackra anl\u00e4ggningar runt om i landet.<\/p>\n\n\t\t\n<style>\n#text-454744151 {\n  text-align: center;\n}\n<\/style>\n\t<\/div>\n\t\n\n              <\/div>\n           <\/div>\n                            \n<style>\n#text-box-932135410 {\n  width: 85%;\n}\n#text-box-932135410 .text-box-content {\n  font-size: 100%;\n}\n@media (min-width:550px) {\n  #text-box-932135410 {\n    width: 90%;\n  }\n}\n<\/style>\n    <\/div>\n \n\n        <\/div>\n      <\/div>\n\n            \n<style>\n#banner-345186020 {\n  padding-top: 270px;\n}\n@media (min-width:550px) {\n  #banner-345186020 {\n    padding-top: 400px;\n  }\n}\n@media (min-width:850px) {\n  #banner-345186020 {\n    padding-top: 500px;\n  }\n}\n<\/style>\n  <\/div>\n\n\n\n\t<section class=\"section\" id=\"section_2027289626\">\n\t\t<div class=\"section-bg fill\" >\n\t\t\t\t\t\t\t\t\t\n\t\t\t\n\n\t\t<\/div>\n\n\t\t\n\n\t\t<div class=\"section-content relative\">\n\t\t\t\n\n<div class=\"row align-center\"  id=\"row-1435873692\">\n\n\n\t<div id=\"col-1610221652\" class=\"col medium-6 small-12 large-6\"  >\n\t\t\t\t<div class=\"col-inner\"  >\n\t\t\t\n\t\t\t\n\n\t<div class=\"img has-hover x md-x lg-x y md-y lg-y\" id=\"image_959244703\">\n\t\t\t\t\t\t\t\t<div class=\"img-inner dark\" >\n\t\t\t<img loading=\"lazy\" decoding=\"async\" width=\"1000\" height=\"625\" src=\"https:\/\/herrljungamusteri.com\/wp-content\/uploads\/2023\/11\/Hotell_tavling.webp\" class=\"attachment-original size-original\" alt=\"\" srcset=\"https:\/\/herrljungamusteri.com\/wp-content\/uploads\/2023\/11\/Hotell_tavling.webp 1000w, https:\/\/herrljungamusteri.com\/wp-content\/uploads\/2023\/11\/Hotell_tavling-300x188.webp 300w, https:\/\/herrljungamusteri.com\/wp-content\/uploads\/2023\/11\/Hotell_tavling-768x480.webp 768w, https:\/\/herrljungamusteri.com\/wp-content\/uploads\/2023\/11\/Hotell_tavling-900x563.webp 900w\" sizes=\"auto, (max-width: 1000px) 100vw, 1000px\" \/>\t\t\t\t\t\t\n\t\t\t\t\t<\/div>\n\t\t\t\t\t\t\t\t\n<style>\n#image_959244703 {\n  width: 100%;\n}\n<\/style>\n\t<\/div>\n\t\n\n\n\t\t<\/div>\n\t\t\t\t\t<\/div>\n\n\t\n\n\t<div id=\"col-1257619066\" class=\"col medium-6 small-12 large-6\"  >\n\t\t\t\t<div class=\"col-inner\"  >\n\t\t\t\n\t\t\t\n\n<p>Allt du beh\u00f6ver g\u00f6ra \u00e4r att handla tv\u00e5 valfria produkter fr\u00e5n Herrljunga Musteri samt svara p\u00e5 en fr\u00e5ga.<\/p>\n<p class=\"wpcf7-contact-form-not-found\"><strong>Error:<\/strong> Contact form not found.<\/p>\n\n<\/p>\n<span class=\"scroll-to\" data-label=\"Scroll to: #regler\" data-bullet=\"false\" data-link=\"#regler\" data-title=\"T\u00e4vlingsregler\" data-offset-type=\"custom\" data-offset=\"160\"><a name=\"regler\"><\/a><\/span>\n\n<h3>T\u00e4vlingsregler samt GDPR:<\/h3>\n<p>Vinst:<\/p>\n<ul>\n<li>Presentkort v\u00e4rt 5000 kr p\u00e5 ett utav Countryside hotels hotell.<\/li>\n<li>Produkter fr\u00e5n Herrljunga Musteri<\/li>\n<\/ul>\n<p>T\u00e4vlingsregler:<\/p>\n<ul>\n<li>K\u00f6p 2 valfria produkter fr\u00e5n Herrljunga Musteri. Vinnaren ska kunna uppvisa kvitto att produkter handlats under t\u00e4vlingsperioden.<\/li>\n<li>Svara p\u00e5 tv\u00e5 fr\u00e5gor.<\/li>\n<li>F\u00f6r att t\u00e4vla beh\u00f6ver du vara skriven p\u00e5 en adress i Sverige.<\/li>\n<li>T\u00e4vling 1 g\u00e5ng\/person.<\/li>\n<\/ul>\n<p>T\u00e4vlingsperiod: 1:a januari \u2013 13:e maj 2024.<\/p>\n<ul>\n<li>Herrljunga Musteri utser vinnare. Beslut kan inte \u00f6verklagas.\n<p>Vinnare utses 13:e maj 2024 och kontaktas via mejl efter avslutad t\u00e4vling.<\/p>\n<\/li>\n<li>Eventuell vinstskatt betalas av vinnaren.<\/li>\n<li>Presentkortet skickas ut som en PDF direkt fr\u00e5n Countryside Hotels.<\/li>\n<li>Vid inl\u00f6sning m\u00e5ste bokningen ske p\u00e5 www.countrysidehotels.se Det g\u00e5r inte att l\u00f6sa in presentkortet direkt med hotellet.<\/li>\n<li>Presentkortet kan anv\u00e4ndas p\u00e5 valfritt hotell som \u00e4r anslutet till Countryside Hotels.<\/li>\n<li>Presentkortet kan anv\u00e4ndas f\u00f6r hel- eller delvis betalning p\u00e5 bokning.<\/li>\n<li>Presentkortet \u00e4r giltigt ett \u00e5r fr\u00e5n utf\u00e4rdandet.<\/li>\n<li>Herrljunga Musteri bokar ej hotellvistelse.<\/li>\n<\/ul>\n<p>Herrljunga Musteri skickar produkter till vinnaren efter avslutad t\u00e4vling.<\/p>\n<p>Vid deltagande i t\u00e4vlingen ges samtycke till registrering av namn och n\u00f6dv\u00e4ndiga kontaktupplysningar.<\/p>\n<p>De upplysningar som ges i samband med t\u00e4vlingen kommer uteslutande att vara tillg\u00e4ngliga f\u00f6r Herrljunga Drycker som ansvariga f\u00f6r t\u00e4vlingen.<\/p>\n<p>Kontaktupplysningar kommer endast anv\u00e4ndas f\u00f6r kontakt i samband med t\u00e4vlingen och kommer att raderas inom 30 dagar efter avslutad t\u00e4vling.<\/p>\n<p>Lycka till!<\/p>\n\n\t\t<\/div>\n\t\t\t\t\t<\/div>\n\n\t\n\n<\/div>\n\n\t\t<\/div>\n\n\t\t\n<style>\n#section_2027289626 {\n  padding-top: 30px;\n  padding-bottom: 30px;\n}\n@media (min-width:550px) {\n  #section_2027289626 {\n    padding-top: 80px;\n    padding-bottom: 80px;\n  }\n}\n<\/style>\n\t<\/section>\n\t\n\n","protected":false},"excerpt":{"rendered":"","protected":false},"author":1,"featured_media":0,"parent":0,"menu_order":2,"comment_status":"closed","ping_status":"closed","template":"page-blank.php","meta":{"_acf_changed":false,"footnotes":""},"class_list":["post-1191","page","type-page","status-publish","hentry"],"acf":[],"_links":{"self":[{"href":"https:\/\/herrljungamusteri.com\/en\/wp-json\/wp\/v2\/pages\/1191","targetHints":{"allow":["GET"]}}],"collection":[{"href":"https:\/\/herrljungamusteri.com\/en\/wp-json\/wp\/v2\/pages"}],"about":[{"href":"https:\/\/herrljungamusteri.com\/en\/wp-json\/wp\/v2\/types\/page"}],"author":[{"embeddable":true,"href":"https:\/\/herrljungamusteri.com\/en\/wp-json\/wp\/v2\/users\/1"}],"replies":[{"embeddable":true,"href":"https:\/\/herrljungamusteri.com\/en\/wp-json\/wp\/v2\/comments?post=1191"}],"version-history":[{"count":3,"href":"https:\/\/herrljungamusteri.com\/en\/wp-json\/wp\/v2\/pages\/1191\/revisions"}],"predecessor-version":[{"id":1194,"href":"https:\/\/herrljungamusteri.com\/en\/wp-json\/wp\/v2\/pages\/1191\/revisions\/1194"}],"wp:attachment":[{"href":"https:\/\/herrljungamusteri.com\/en\/wp-json\/wp\/v2\/media?parent=1191"}],"curies":[{"name":"wp","href":"https:\/\/api.w.org\/{rel}","templated":true}]}}